{"id":1004,"date":"2013-11-24T09:49:16","date_gmt":"2013-11-24T09:49:16","guid":{"rendered":"http:\/\/www.randymotorclubpalleja.com\/wordpress\/?page_id=1004"},"modified":"2013-11-24T18:45:20","modified_gmt":"2013-11-24T18:45:20","slug":"trial-and-enduro-for-bultaco-1969-1973","status":"publish","type":"page","link":"https:\/\/www.randymotorclubpalleja.com\/wordpress\/trial-and-enduro-for-bultaco-1969-1973\/","title":{"rendered":"Trial and Enduro for Bultaco (1969-1973)"},"content":{"rendered":"<p><strong><span style=\"font-size: 16px;\"><span style=\"text-decoration: underline;\">1969.\u00a0<strong>Beginning in style.<\/strong><\/span><\/span><\/strong><\/p>\n<p class=\"wp-caption-dt\">His first victory was the March 9th, 1969 in the IV Trial Navarcles Saint Valentine that opens the Catalan Trials season trials.\u00a0Estanislao Soler was his direct manager and treated him like a son, doing everything in his hand to this kid with a talent to become a great racer able to win championships in Spain.\u00a0He was the man who joined him with the Seat 850 of the Bultaco factory, taught him to drive the car and suffered how Fernando learnt the hard way, as the car spin made \u200b\u200bgoing to the Trial of Valencia on wet road and made \u200b\u200bthe wins 850 and motorcycle trailer between two TIR large tonnage trucks.<\/p>\n<div style=\"width: 297px\" class=\"wp-caption alignnone\"><img loading=\"lazy\" decoding=\"async\" class=\" \" alt=\"\" src=\"https:\/\/lh6.googleusercontent.com\/--Oyc3bSHaHI\/UewIelChNLI\/AAAAAAAAAQw\/Q3csa1lbHeU\/w287-h493-no\/2013-06-01+11.30.52.jpg\" width=\"287\" height=\"493\" \/><p class=\"wp-caption-text\">First Victory on official competition Trophy of \u00a0Fernando Mu\u00f1oz: IV Trial of San Valent\u00edn de Navarcles<\/p><\/div>\n<p>Part of the official team Bultaco participates in his first international race in Garmisch-Partenkirchen ISDT 15 to 20 th September, and Fernando leaves the second day when he was second scored because the chassis had left his bike.\u00a0It took hard work to Mr. Soler and his companions convince Fernando that his invention, a tight string linked from the engine to handle with a tensioner would not last, and it was better to leave.\u00a0He was very close to the scoring positions, as seen in the\u00a0<a href=\"http:\/\/sdrv.ms\/SACb1d\" target=\"_blank\">official scores<\/a>.\u00a0The Spanish team gets a meritable eleventh position.<\/p>\n<p>Once again Estanis was the long-suffering companion of Mu\u00f1oz across Europe aboard a 1500 family Seat without stopping to look for a bar where Fernando intended to find the traditional Catalan dish consisting on bread soaked with olive oil, squizzed tomato and ham.<\/p>\n<p>On October 12th, is ninth in the III Trial of Peramola and beat again a week later at the I International Trial Montseny in the Junior category.\u00a0His victory in a very difficult stage in pouring rain draws much attention because of its wide range of points.<\/p>\n<p>November 2th is the second in the two days All Terrain (now enduro) ranking to 175 cc, and re-emphasizes its pilot skills, being qualified in La Vanguardia newspaper as a revelation pilot.\u00a0With this brilliant result 1969 season closes.<\/p>\n<p><span style=\"text-decoration: underline;\"><strong>1970. The year of the ISDT of El Escorial.<\/strong><\/span><\/p>\n<p>In the VI Trial de Tarragona March 1 is third in inter category, March 15th in the V Trial of Saint Valentine Navarcles, fifth in the same category.<\/p>\n<p>In the VII Trial of Campellas, on the 15th May, he finished 2nd.\u00a0Finally finished the championship of Spain in 3rd place after Bult\u00f3 and Pi.<\/p>\n<p>From 5 to 10th October took place ISDT El Escorial All Terrain.\u00a0The Spanish Bultaco team was ranked in second place and Fernando was ninth in the individual classification of motorcycles up to 250 cc before to lose the top score after a dramatic drop in the chicane of Jarama in the speed race in extreme conditions of heat and cold nights that made reach the finish line 329 of 186 drivers which started the race.<\/p>\n<p><a href=\"http:\/\/www.youtube.com\/watch?v=wi37HvlSLJo\">ISDT El Escorial 1970<\/a><\/p>\n<p><a href=\"http:\/\/www.youtube.com\/watch?v=D4trY0XJJF4\">ISDT El Escorial RTVE&#8217;s Filmoteca<\/a><\/p>\n<p><a href=\"http:\/\/www.youtube.com\/watch?v=fvZSwS6RUOs\">Malcolm Smith in the ISDT of El Escorial<\/a><\/p>\n<p><span style=\"text-decoration: underline;\"><strong>1971. Entrance in motocross races.<\/strong><\/span><\/p>\n<div style=\"width: 410px\" class=\"wp-caption alignnone\"><img loading=\"lazy\" decoding=\"async\" alt=\"\" src=\"https:\/\/lh3.googleusercontent.com\/-fq8_jTbZUdc\/UemPx2pEBGI\/AAAAAAAAAIY\/2Sx0nnBLHnY\/w400-h285-no\/mili.jpg\" width=\"400\" height=\"285\" \/><p class=\"wp-caption-text\">Fernando&#8217;s obligatory military service<\/p><\/div>\n<p>With the one year obligatory military service stop, compulsory for every spanish boy, even for top sportsmen, Fernando rejoins the competition.<\/p>\n<p>On July 25th , he is ranked in fourth place in the V Trial Las Santas.<\/p>\n<p>A proof of his talent was his score for the first time in official competition in motocross. In the International Motocross in Mongay in front of 25,000 spectators is brilliantly qualified in 2nd place in junior category.<\/p>\n<div style=\"width: 294px\" class=\"wp-caption alignnone\"><img loading=\"lazy\" decoding=\"async\" alt=\"\" src=\"https:\/\/lh6.googleusercontent.com\/ylnELKG4cHtQvzDLsK2jLqkiukAWMCPriJ409FgFiuA=w284-h207-p-no\" width=\"284\" height=\"207\" \/><p class=\"wp-caption-text\">1971-Montgai<\/p><\/div>\n<div style=\"width: 442px\" class=\"wp-caption alignnone\"><img loading=\"lazy\" decoding=\"async\" class=\" \" alt=\"\" src=\"https:\/\/lh6.googleusercontent.com\/-4oCf-HawEy8\/UgqFpy6UQSI\/AAAAAAAAAfA\/YTRDK7rtbqs\/w720-h484-no\/50_randy_mongay_2.jpg\" width=\"432\" height=\"290\" \/><p class=\"wp-caption-text\">1971-Montgai<\/p><\/div>\n<p>In a TT practice session suffered a blow in the belly colliding head-on with Narcis Casas, that should be a long season medical leave, but so great was his enthusiasm for racing that said nothing to his team. Estanis forced him to go to the clinic Soler Roig in Barcelona.\u00a0The doctors said that if they had arrived half an hour later, had died of internal bleeding.<\/p>\n<p>According Pepe Mu\u00f1oz, his brother, Fernando was starting to like motocross more.\u00a0Fernando preferred the melee competition, the immediacy of first pass through the finish line, instead of waiting for a judge to write down the results in a notebook.\u00a0And not relent in its efforts to race the championship motocross Spain.<\/p>\n<p>By this time Fernando was named Randy.\u00a0Malcolm Rathmell was official Bultaco motocross rider and training with Fernando at trial, he suggested to try a trial area of \u200b\u200bparticular difficulty.\u00a0Rathmell passed zero, and became a pilot trial.\u00a0As he found hard to pronounce Fernando, came Randy, and Randy the nickname remained for the rest of his career.<\/p>\n<p><span style=\"text-decoration: underline;\"><strong>1972. International recognition in the Scottish Six Days.<\/strong><\/span><\/p>\n<p>On May 7th was series champion 250 to 350 cc of Scottish SSDT and gets \u00abBen Newis\u00bb trophy as award to obtain the second position among the debutantes of the Six Days.<\/p>\n<p>It is the first time a Spanish collects a trophy in Six Days, and there Mu\u00f1oz is compared with the elite of the international trial, as Mick Andrews, Malcolm Rathmell and Martin Lampkin.<\/p>\n<p>After completing the trial Fernando was lost and stopped at a service station for help, as explained his brother Pepe.\u00a0By hazard, Mick Andrews met him and invited him home with his family.\u00a0He spent several days in England without Fernando&#8217;s family knew anything of it (the communications were not the same as today).\u00a0He also befriended the Lampkin family.Together they spent many hours training and working in the coal family business.\u00a0Finally appeared in Santander, Spain after getting off the ferry.<\/p>\n<p><a href=\"http:\/\/hemeroteca.mundodeportivo.com\/preview\/1972\/05\/14\/pagina-20\/984479\/pdf.html\">El Mundo Deportivo. \u00ab\u00c9xito de nuestra industria motor\u00edstica\u00bb<\/a><\/p>\n<p>Meanwhile, Malcolm Rathmell became the surprise success trial pilot in Britain riding his Bultaco Sherpa.<\/p>\n<p>Fernando ends the Spanish championship in 7th place.<\/p>\n<p style=\"text-align: left;\"><a href=\"http:\/\/hemeroteca.mundodeportivo.com\/preview\/1973\/01\/14\/pagina-20\/1435484\/pdf.html\">El Mundo Deportivo. Clasificaci\u00f3n final del Campeonato de Espa\u00f1a de Trial de 1972<\/a><\/p>\n<p><span style=\"text-decoration: underline;\"><strong>1973. Trial Spanish Champion.<\/strong><\/span><\/p>\n<p>The season begins with three clear favorites: Bult\u00f3 and Mu\u00f1oz as official racers for Bultaco, Mila for Montesa and Pay\u00e0 for Ossa.<\/p>\n<p>The first round of the championship of Spain, the VII Trial de Sant Feliu de Codines was raced on January 15th is a hard challenging race where are classified only 33 of 125 runners and shows how to Bultaco Mu\u00f1oz is a serious contender for the title, winning clearly by fourteen points of advantage.<\/p>\n<p>On January 28th, Munoz was fourth in the Trial of Manresa, despite winning the first test. On 18th March achieves a overwhelming victory on the III Trial Gallifa, occupying the first position of the provisional championship of Spain.<\/p>\n<div style=\"width: 347px\" class=\"wp-caption alignnone\"><img loading=\"lazy\" decoding=\"async\" alt=\"\" src=\"https:\/\/lh5.googleusercontent.com\/-MoasleQiwqc\/Uew37iDop6I\/AAAAAAAAAIk\/PoJDolItQss\/w337-h640-no\/284C81000F1C4C7C24D1274C7C04E7-trial.jpg\" width=\"337\" height=\"640\" \/><p class=\"wp-caption-text\">III Trial Gallifa<\/p><\/div>\n<p>The spectacular circuit \u00abLa Paella\u00bb of Valencia hosts the third round of the championship of Spain on February 11, and Munoz finished in fifth position.<\/p>\n<p>Scores seventh in Spain XII Championship Motocross Championship in circuit Vall\u00e9s, where especially shines a stranger in our country: the American Jim Pomeroy.<\/p>\n<p>In the ninth Trial Primavera is 2nd in a race characterized by greater equality between competitors and adverse conditions they did qualify for 30 runners of all registered, and the Memorial Santiago Herrera is 3rd, won in hard conditions because of rain.\u00a0Upon completion of this test is provisional leader with 69 points.<\/p>\n<p>From 23 to 25th April races the Three Days Trial Santigosa, and gets a close 4th place.<\/p>\n<div style=\"width: 251px\" class=\"wp-caption alignnone\"><img loading=\"lazy\" decoding=\"async\" alt=\"\" src=\"https:\/\/lh6.googleusercontent.com\/-wcjpaZfb1Rs\/Ue0Yfh2y51I\/AAAAAAAAAOQ\/GYr6oygzQNc\/w241-h640-no\/2B4C84F3212A4C8017F7334C7FF7F9-trial+isern.jpg\" width=\"241\" height=\"640\" \/><p class=\"wp-caption-text\">1972 &#8211; 3 Days Trial of Santigosa<\/p><\/div>\n<p><a href=\"http:\/\/hemeroteca.mundodeportivo.com\/preview\/1973\/05\/05\/pagina-38\/986985\/pdf.html\">X. Ventura. \u00abDominio catal\u00e1n en el trial espa\u00f1ol\u00bb. El Mundo Deportivo, 3 de mayo de 1973<\/a><\/p>\n<p>Again it is the first Spanish classified and twelfth overall in the SSDT Scotland from 1 to 5th May.\u00a0That same weekend in the I Trial in the Castle of Lerida is 2nd.<\/p>\n<div style=\"width: 563px\" class=\"wp-caption alignnone\"><img loading=\"lazy\" decoding=\"async\" alt=\"\" src=\"https:\/\/lh4.googleusercontent.com\/--ISysoVvdYo\/Ue0FSQKs-fI\/AAAAAAAAALc\/baP87kwK9_U\/w553-h690-no\/scottish_six_days_1973_publi.jpg\" width=\"553\" height=\"690\" \/><p class=\"wp-caption-text\">1973 &#8211; Few could stand against Mu\u00f1oz<\/p><\/div>\n<p>In the Trial of Italy is ranked in 11th place in early June, and a week after winning the Trial of San Fructuoso.<\/p>\n<p>In Trial II Oto\u00f1o Palencia is 5th and still leads the championship in Spain.\u00a0After racing the Trial of Seville, wins the Spanish Championship.<\/p>\n<div style=\"width: 490px\" class=\"wp-caption alignnone\"><img loading=\"lazy\" decoding=\"async\" alt=\"\" src=\"https:\/\/lh6.googleusercontent.com\/-ITUAO7hHVyg\/Ue0FC-MgknI\/AAAAAAAAAMA\/rcOLQ2aVliw\/w480-h600-no\/bultaco_triunfos_1973_publi.jpg\" width=\"480\" height=\"600\" \/><p class=\"wp-caption-text\">1973 -Bultaco victories<\/p><\/div>\n<p><span style=\"text-decoration: underline;\"><strong>\u00a01974. Transfer to Ossa<\/strong><\/span><\/p>\n<div style=\"width: 410px\" class=\"wp-caption alignleft\"><img loading=\"lazy\" decoding=\"async\" alt=\"\" src=\"https:\/\/lh6.googleusercontent.com\/-D7cuue50yYo\/Ue0JuL5yBRI\/AAAAAAAAANE\/kzxvRBL_rDU\/w400-h276-no\/16011974_trofeo.jpg\" width=\"400\" height=\"276\" \/><p class=\"wp-caption-text\">1974 &#8211; Delivery of the Trophy of Spanish Trial Champion<\/p><\/div>\n<p>&nbsp;<\/p>\n<p>&nbsp;<\/p>\n<p>&nbsp;<\/p>\n<p>&nbsp;<\/p>\n<p>&nbsp;<\/p>\n<p>&nbsp;<\/p>\n<p>&nbsp;<\/p>\n<p>&nbsp;<\/p>\n<p>The new champion of Spain starts the season winning the eighth Reyes Trial on January 13th and confirming his great sporting moment.<\/p>\n<p>And surprisingly decides to join Ossa with his great friend and spanish motocross champion Domingo Gris in March, debuting on Ossa team in the Trial of Sant Lloren\u00e7. Something happened in the last trial with the Bultaco team that made him accept the profitable offer by Ossa, including motocross racing.\u00a0It was very hard to him to make the decision because he felt obliged to Bultaco.<\/p>\n<p>Fits surprisingly fast to his new bike and the next race, wins the X Primavera Trial, but in the Three Days of Trial Santigosa is in position 19th.<\/p>\n<div style=\"width: 410px\" class=\"wp-caption alignnone\"><img loading=\"lazy\" decoding=\"async\" alt=\"\" src=\"https:\/\/lh6.googleusercontent.com\/-TfIg3pgUIgA\/Ue0cBxZksfI\/AAAAAAAAAP4\/q16RF9utEgs\/w400-h413-no\/ossa-mu%25C3%25B1oz+y+gris.jpg\" width=\"400\" height=\"413\" \/><p class=\"wp-caption-text\">1974 &#8211; Domingo Gris and Fernando Mu\u00f1oz transfers by Ossa<\/p><\/div>\n<p>Scores fourth in October in the Two Day Trial of Llinas and second in the V Palencia Fall Trial Championship in November.\u00a0There a very young\u00a0and mathematically champion \u00a0Manuel Soler proclaims as winner, with just two races.<\/p>\n<p>The last round of the championship of Spain is the Trial of Bruc, and Fernando Mu\u00f1oz obtains the fifth position overall. He is increasingly eager to give gas only in a motocross circuit.<\/p>\n<p>&nbsp;<\/p>\n<ul>\n<li><a title=\"The Legend of Fernando Mu\u00f1oz Carrasco, Randy\" href=\"http:\/\/www.randymotorclubpalleja.com\/wordpress\/?page_id=449\"><strong>Homepage<\/strong><\/a><\/li>\n<li><strong><a title=\"The beginnings of Fernando Mu\u00f1oz (1949-1968)\" href=\"http:\/\/www.randymotorclubpalleja.com\/wordpress\/?page_id=999\">The beginnings of Fernando Mu\u00f1oz (1949-1968)<\/a><\/strong><\/li>\n<li>Trial and Enduro for Bultaco (1969-1973)<\/li>\n<li><a title=\"Motocross for Ossa (1974-1975)\" href=\"http:\/\/www.randymotorclubpalleja.com\/wordpress\/?page_id=1016\"><strong>Motocross for Ossa (1974-1975)<\/strong><\/a><\/li>\n<li><a title=\"Motocross for Montesa (1975-1979)\" href=\"http:\/\/www.randymotorclubpalleja.com\/wordpress\/?page_id=1023\"><strong>Motocross for Montesa (1976-1979)<\/strong><\/a><\/li>\n<li><a title=\"Motocross for Gilera and Maico (1980)\" href=\"http:\/\/www.randymotorclubpalleja.com\/wordpress\/?page_id=1048\"><strong>Motocross for\u00a0Gilera and Maico (1980)<\/strong><\/a><\/li>\n<li><a title=\"Motocross for Gilera (1981)\" href=\"http:\/\/www.randymotorclubpalleja.com\/wordpress\/?page_id=1068\"><strong>Motocross for Gilera (1981)<\/strong><\/a><\/li>\n<li><strong><a title=\"Motocross for Beta, KTM and Yamaha (1982-1983)\" href=\"http:\/\/www.randymotorclubpalleja.com\/wordpress\/?page_id=1072\">Motocross\u00a0for\u00a0Beta, KTM and Yamaha \u00a0(1982-1983)<\/a><\/strong><\/li>\n<\/ul>\n","protected":false},"excerpt":{"rendered":"<p>1969.\u00a0Beginning in style. His first victory was the March 9th, 1969 in the IV Trial Navarcles Saint Valentine that opens the Catalan Trials season trials.\u00a0Estanislao Soler was his direct manager and treated him like a son, doing everything in his &hellip; Sigue leyendo &rarr;<\/p>\n","protected":false},"author":1,"featured_media":0,"parent":0,"menu_order":0,"comment_status":"closed","ping_status":"closed","template":"","meta":{"footnotes":""},"class_list":["post-1004","page","type-page","status-publish","hentry"],"_links":{"self":[{"href":"https:\/\/www.randymotorclubpalleja.com\/wordpress\/wp-json\/wp\/v2\/pages\/1004","targetHints":{"allow":["GET"]}}],"collection":[{"href":"https:\/\/www.randymotorclubpalleja.com\/wordpress\/wp-json\/wp\/v2\/pages"}],"about":[{"href":"https:\/\/www.randymotorclubpalleja.com\/wordpress\/wp-json\/wp\/v2\/types\/page"}],"author":[{"embeddable":true,"href":"https:\/\/www.randymotorclubpalleja.com\/wordpress\/wp-json\/wp\/v2\/users\/1"}],"replies":[{"embeddable":true,"href":"https:\/\/www.randymotorclubpalleja.com\/wordpress\/wp-json\/wp\/v2\/comments?post=1004"}],"version-history":[{"count":10,"href":"https:\/\/www.randymotorclubpalleja.com\/wordpress\/wp-json\/wp\/v2\/pages\/1004\/revisions"}],"predecessor-version":[{"id":1086,"href":"https:\/\/www.randymotorclubpalleja.com\/wordpress\/wp-json\/wp\/v2\/pages\/1004\/revisions\/1086"}],"wp:attachment":[{"href":"https:\/\/www.randymotorclubpalleja.com\/wordpress\/wp-json\/wp\/v2\/media?parent=1004"}],"curies":[{"name":"wp","href":"https:\/\/api.w.org\/{rel}","templated":true}]}}