{"id":544,"date":"2013-07-22T11:05:29","date_gmt":"2013-07-22T11:05:29","guid":{"rendered":"http:\/\/www.randymotorclubpalleja.com\/wordpress\/?page_id=544"},"modified":"2013-08-27T19:02:23","modified_gmt":"2013-08-27T19:02:23","slug":"motocross-con-ossa-1974","status":"publish","type":"page","link":"https:\/\/www.randymotorclubpalleja.com\/wordpress\/motocross-con-ossa-1974\/","title":{"rendered":"Motocross con Ossa (1974-1975)"},"content":{"rendered":"<p><strong>1974. Ossa: grandes esperanzas. <\/strong><\/p>\n<p>Aunque empiezan Domingo Gris, dos veces campe\u00f3n de Espa\u00f1a, y Fernando Mu\u00f1oz con Bultaco, inesperadamente fichan por Ossa. Fernando se siente obligado con Bultaco, pero la jugosa oferta econ\u00f3mica de Ossa, sus promesas de poder disputar carreras de motocross y algo que pas\u00f3 a principio de la temporada en un trial disputado en La Ciudad de los Muchachos, en las laderas de Collserola (Barcelona) hacen decidirse a Fernando y a Domingo por Ossa.<\/p>\n<p>Seg\u00fan explica Jaime Alguersuari en la revista Motociclismo de la primera quincena de marzo de 1974, la causa del fulminante fichaje fue econ\u00f3mica. Tras la marcha de Pay\u00e1 del equipo Ossa y tras el intento fallido de entendimiento con Mend\u00edvil, soluciona en una h\u00e1bil maniobra la contrataci\u00f3n de los dos grandes pilotos y amigos. Seg\u00fan declaran, informaron a Don Paco de la proposici\u00f3n de Ossa y ofreci\u00f3 mejores condiciones econ\u00f3micas, pero las de Ossa segu\u00edan siendo muy superiores y en 48 horas estaba consumado el fichaje. Bajo las \u00f3rdenes de Suri\u00f1ach pone a junto junto con Gris las nuevas Phantom.<\/p>\n<p>Ambos disputan la primera prueba del campeonato de Espa\u00f1a, el Motocross de Martorell el 21 de abril. La moto, la nueva Phantom 250 peca de problemas de juventud y los resultados no acompa\u00f1an en las carreras de Figueras, Jerez, Cullera, Vitoria, Huesca, Llodio y San Antol\u00edn. La \u00faltima prueba del campeonato parece ir mejor y Mu\u00f1oz obtiene un brillante cuarto puesto, que abre todas las esperanzas para el campeonato del a\u00f1o siguiente.<\/p>\n<p>En un principio Ossa hab\u00eda fichado a Fernando como piloto de trial, pero disputa simult\u00e1neamente los dos campeonatos y finalmente se va decantando hacia el motocross, que cada vez le gusta m\u00e1s.<\/p>\n<p>&nbsp;<\/p>\n<div style=\"width: 410px\" class=\"wp-caption alignnone\"><img decoding=\"async\" class=\" \" alt=\"\" src=\"https:\/\/lh3.googleusercontent.com\/-7IS9UY2Lbko\/Ue0VDxyso3I\/AAAAAAAAANg\/iglhb2FGw64\/w800-h449-no\/randy_domingo_gris_1974.jpg\" width=\"400\" \/><p class=\"wp-caption-text\">1974 &#8211; Mu\u00f1oz y Gris fichan por Ossa<\/p><\/div>\n<p><strong>1975. Ossa: una r\u00e1pida ruptura.<\/strong><\/p>\n<p>Mu\u00f1oz se retira del trial y se dedica exclusivamente al motocross, tal como deseaba desde hac\u00eda tanto tiempo. Su gran amigo Malcolm Rathmell ficha por Montesa.<\/p>\n<p>Comienza bien el campeonato, imponi\u00e9ndose en la segunda manga del MC Jerez, segunda prueba de la temporada, pero problemas mec\u00e1nicos le hacen abandonar en la siguiente carrera, el MC Alto Ampurdan de Figueres. Duda en cuanto a continuar dedic\u00e1ndose al trial o seguir su camino en el motocross y empieza a desmotivarse ante la falta de competitividad de su moto, llegando a acusar a Ossa de no mantener adecuadamente las motos.<\/p>\n<p>Ossa despide de forma fulminante a Domingo Gris en mayo y Fernando Mu\u00f1oz toma la decisi\u00f3n de pedir la baja y acompa\u00f1arle, pese a estar desarrollando ambos el prototipo de la Phantom con la f\u00e1brica. A fin de cuentas le hab\u00edan fichado para hacer trial, as\u00ed que pod\u00eda perfectamente hacer motocross con otro equipo.<\/p>\n<p>Los problemas econ\u00f3micos que atravesaba la f\u00e1brica, que sufri\u00f3 una gran huelga durante 1975 en un \u00e9poca de gran conflictividad laboral durante la Transici\u00f3n, adem\u00e1s de la fuerte competencia que signific\u00f3 la paulatina apertura de las fronteras espa\u00f1olas a las importaciones, son otra historia a la que el departamento de competici\u00f3n de Ossa no era ajeno.<\/p>\n<p><a href=\"http:\/\/hemeroteca.mundodeportivo.com\/preview\/1975\/06\/12\/pagina-14\/1015399\/pdf.html\">\u00abTras su violenta ruptura con Ossa, tanto Gris como Mu\u00f1oz ya est\u00e1n con Montesa\u00bb. Mundo Deportivo, jueves 12 de junio de 175.<\/a><\/p>\n<p>&nbsp;<\/p>\n<ul>\n<li><strong><a title=\"Fernando Mu\u00f1oz Carrasco \u201cRandy\u201d, la leyenda\" href=\"http:\/\/www.randymotorclubpalleja.com\/wordpress\/?page_id=434\">P\u00e1gina de inicio<\/a><\/strong><\/li>\n<li><strong><a title=\"Los inicios de Fernando Mu\u00f1oz (1949-1968)\" href=\"http:\/\/www.randymotorclubpalleja.com\/wordpress\/?page_id=455\">Los inicios de Fernando Mu\u00f1oz (1949-1968)<\/a><\/strong><\/li>\n<li><strong><a title=\"Trial y enduro (1969-1973)\" href=\"http:\/\/www.randymotorclubpalleja.com\/wordpress\/?page_id=472\">Trial y enduro con Bultaco (1969-1973)<\/a><\/strong><\/li>\n<li><span style=\"color: #888888;\">Motocross con Ossa (1974-1975)<\/span><\/li>\n<\/ul>\n<ul>\n<li><strong><a title=\"Motocross con Montesa (1975-1979)\" href=\"http:\/\/www.randymotorclubpalleja.com\/wordpress\/?page_id=563\">Motocross con Montesa (1976-1979)<\/a><\/strong><\/li>\n<li><strong><a title=\"Motocross con Gilera (1980)\" href=\"http:\/\/www.randymotorclubpalleja.com\/wordpress\/?page_id=657\">Motocross con Gilera y Maico (1980)<\/a><\/strong><\/li>\n<li><a title=\"Motocross con Gilera (1981)\" href=\"http:\/\/www.randymotorclubpalleja.com\/wordpress\/?page_id=704\"><strong>Motocross con Gilera (1981)<\/strong><\/a><\/li>\n<li><strong><a title=\"Motocross con Beta y Yamaha (1982-1983)\" href=\"http:\/\/www.randymotorclubpalleja.com\/wordpress\/?page_id=732\">Motocross con Beta, KTM y Yamaha (1982-1983)<\/a><\/strong><\/li>\n<li><strong><\/strong><a title=\"Ep\u00edlogo: el I Motocross Indoor de Barcelona\" href=\"http:\/\/www.randymotorclubpalleja.com\/wordpress\/?page_id=781\"><strong>Ep\u00edlogo: El I Motocross Indoor de Barcelona<\/strong><\/a><\/li>\n<\/ul>\n<p>&nbsp;<\/p>\n<p>&nbsp;<\/p>\n","protected":false},"excerpt":{"rendered":"<p>1974. Ossa: grandes esperanzas. Aunque empiezan Domingo Gris, dos veces campe\u00f3n de Espa\u00f1a, y Fernando Mu\u00f1oz con Bultaco, inesperadamente fichan por Ossa. Fernando se siente obligado con Bultaco, pero la jugosa oferta econ\u00f3mica de Ossa, sus promesas de poder disputar &hellip; Sigue leyendo &rarr;<\/p>\n","protected":false},"author":1,"featured_media":0,"parent":0,"menu_order":0,"comment_status":"closed","ping_status":"closed","template":"","meta":{"footnotes":""},"class_list":["post-544","page","type-page","status-publish","hentry"],"_links":{"self":[{"href":"https:\/\/www.randymotorclubpalleja.com\/wordpress\/wp-json\/wp\/v2\/pages\/544","targetHints":{"allow":["GET"]}}],"collection":[{"href":"https:\/\/www.randymotorclubpalleja.com\/wordpress\/wp-json\/wp\/v2\/pages"}],"about":[{"href":"https:\/\/www.randymotorclubpalleja.com\/wordpress\/wp-json\/wp\/v2\/types\/page"}],"author":[{"embeddable":true,"href":"https:\/\/www.randymotorclubpalleja.com\/wordpress\/wp-json\/wp\/v2\/users\/1"}],"replies":[{"embeddable":true,"href":"https:\/\/www.randymotorclubpalleja.com\/wordpress\/wp-json\/wp\/v2\/comments?post=544"}],"version-history":[{"count":24,"href":"https:\/\/www.randymotorclubpalleja.com\/wordpress\/wp-json\/wp\/v2\/pages\/544\/revisions"}],"predecessor-version":[{"id":878,"href":"https:\/\/www.randymotorclubpalleja.com\/wordpress\/wp-json\/wp\/v2\/pages\/544\/revisions\/878"}],"wp:attachment":[{"href":"https:\/\/www.randymotorclubpalleja.com\/wordpress\/wp-json\/wp\/v2\/media?parent=544"}],"curies":[{"name":"wp","href":"https:\/\/api.w.org\/{rel}","templated":true}]}}