{"id":781,"date":"2013-08-01T08:49:18","date_gmt":"2013-08-01T08:49:18","guid":{"rendered":"http:\/\/www.randymotorclubpalleja.com\/wordpress\/?page_id=781"},"modified":"2013-08-27T19:10:33","modified_gmt":"2013-08-27T19:10:33","slug":"epilogo-el-i-motocross-indoor-de-barcelona","status":"publish","type":"page","link":"https:\/\/www.randymotorclubpalleja.com\/wordpress\/epilogo-el-i-motocross-indoor-de-barcelona\/","title":{"rendered":"Ep\u00edlogo: el I Motocross Indoor de Barcelona"},"content":{"rendered":"<p>Las reacciones fueron de incredulidad por parte de todo el mundo. Todos los medios, tanto especializados como generalistas se hicieron eco del accidente y sus circunstancias. A partir de aquel momento, pese a la gran calidad de los competidores, las diferentes categor\u00edas del campeonato de Espa\u00f1a de motocross no fueron lo mismo. Los a\u00f1os pasaron, nuevas generaciones de pilotos tomaron la alternativa y finalmente el recuerdo de Fernando se fue difuminando.<\/p>\n<p>El 12 de octubre de 1983 se realiza un gran homenaje p\u00f3stumo en forma de Motocross Indoor en el estadio Juli\u00e0 Campmany de Barcelona del CF Polvoritense para recaudar fondos para la familia de Randy. Se denomina \u00abLos Amigos de Randy\u00bb y consiste en una carrera en la que participan muchos de los mejores pilotos del mundial, entre ellos campeones del mundo como Georges Jobe, Harry Everts o Andr\u00e9 Malherbe, y la \u00e9lite del motocross de nuestro pa\u00eds, como los hermanos El\u00edas, Toni Arcarons o Pablo Colomina entre muchos otros. Fernando cre\u00eda que el futuro del motocross era la modalidad indoor que comenzaba en Estados Unidos, dec\u00eda que \u00abhay que hacerlo como en Am\u00e9rica, hay que montar espect\u00e1culo, si no, el motocross se morir\u00e1\u00bb. Ignacio Bult\u00f3 don\u00f3 una Merl\u00edn 350 para el sorteo final. La mitad del vecindario de Pallej\u00e0 se reconoce en aquellas fotos.<\/p>\n<div style=\"width: 410px\" class=\"wp-caption alignnone\"><img loading=\"lazy\" decoding=\"async\" alt=\"\" src=\"https:\/\/lh6.googleusercontent.com\/-0nrx_eDiD88\/Ufo9qrLyexI\/AAAAAAAAAXg\/lbARx6uH6Xk\/w400-h226-no\/entrada+supercross.jpg\" width=\"400\" height=\"226\" \/><p class=\"wp-caption-text\">1983-Entrada para el Supercross<\/p><\/div>\n<p>&nbsp;<\/p>\n<div style=\"width: 512px\" class=\"wp-caption alignnone\"><img loading=\"lazy\" decoding=\"async\" alt=\"\" src=\"https:\/\/lh4.googleusercontent.com\/-dayRHbSoY98\/Ufo9qwgIazI\/AAAAAAAAAWw\/6Rom5OWmwWE\/w502-h691-no\/07101983_los_amigos_de_randy.jpg\" width=\"502\" height=\"691\" \/><p class=\"wp-caption-text\">1983-Cartel de Los Amigos de Pallej\u00e0<\/p><\/div>\n<p>Todos los ases belgas, y todos los pilotos espa\u00f1oles comprometieron su llegada a Barcelona de forma gratuita pero por deseo de Pepi se pusieron premios para los pilotos. Tambi\u00e9n los mec\u00e1nicos renunciaron a sus sueldos.\u00a0En la entrega de premios Malherbe dijo en nombre de todos \u00abesto es para Randy, esto es para su mujer. Nosotros hemos venido a correr y a recordar al amigo\u00bb. Pepi pidi\u00f3 que por favor aceptaran el premio, y la mujer de Malherbe intervino inesperadamente y dijo \u00abCalla Andr\u00e9\u00bb y aunque sus palabras fueron en franc\u00e9s la entendi\u00f3 todo el estadio, pidi\u00f3 a Pepi que aceptara los premios. Un gran abrazo puso la carne de gallina a todos los asistentes.<\/p>\n<div style=\"width: 410px\" class=\"wp-caption alignnone\"><img loading=\"lazy\" decoding=\"async\" alt=\"\" src=\"https:\/\/lh4.googleusercontent.com\/-cdpU6uRhSpY\/Ufo9ZmCcXRI\/AAAAAAAAAYc\/-NDW4qGVWqo\/w400-h282-no\/sx_1.jpg\" width=\"400\" height=\"282\" \/><p class=\"wp-caption-text\">1983-La moto de Randy preside el Supercross<\/p><\/div>\n<p>Tambi\u00e9n se celebra en su memoria en 2013 la exhibici\u00f3n de motocross cl\u00e1sico del Jarama Vintage organizada por Fernando de Portugal con la asistencia de grandes figuras de la \u00e9poca que demuestran su gran clase pese a los a\u00f1os. El Motocross Vintage de Montgai de 2013 tambi\u00e9n rinde homenaje a su memoria.<\/p>\n<ul>\n<li><a title=\"Fernando Mu\u00f1oz Carrasco \u201cRandy\u201d, la leyenda\" href=\"http:\/\/www.randymotorclubpalleja.com\/wordpress\/?page_id=434\"><strong>P\u00e1gina de inicio<\/strong><\/a><\/li>\n<li><strong><a title=\"Los inicios de Fernando Mu\u00f1oz (1949-1968)\" href=\"http:\/\/www.randymotorclubpalleja.com\/wordpress\/?page_id=455\">Los inicios de Fernando Mu\u00f1oz (1949-1968)<\/a><\/strong><\/li>\n<li><strong><a title=\"Trial y enduro (1969-1973)\" href=\"http:\/\/www.randymotorclubpalleja.com\/wordpress\/?page_id=472\">Trial y enduro con Bultaco (1969-1973)<\/a><\/strong><\/li>\n<li><strong><a title=\"Motocross con Ossa (1974-1975)\" href=\"http:\/\/www.randymotorclubpalleja.com\/wordpress\/?page_id=544\">Motocross con Ossa (1974-1975)<\/a><\/strong><\/li>\n<li><strong><a title=\"Motocross con Montesa (1975-1979)\" href=\"http:\/\/www.randymotorclubpalleja.com\/wordpress\/?page_id=563\">Motocross con Montesa (1976-1979)<\/a><\/strong><\/li>\n<li><strong><a title=\"Motocross con Gilera (1980)\" href=\"http:\/\/www.randymotorclubpalleja.com\/wordpress\/?page_id=657\">Motocross con Gilera y Maico (1980)<\/a><\/strong><\/li>\n<li><a title=\"Motocross con Gilera (1981)\" href=\"http:\/\/www.randymotorclubpalleja.com\/wordpress\/?page_id=704\"><strong>Motocross con Gilera (1981)<\/strong><\/a><\/li>\n<li><a title=\"Motocross con Beta y Yamaha (1982-1983)\" href=\"http:\/\/www.randymotorclubpalleja.com\/wordpress\/?page_id=732\"><strong>Motocross con Beta y Yamaha (1982-1983)<\/strong><\/a><\/li>\n<li><span style=\"color: #888888;\">Ep\u00edlogo: el I Motocross Indoor de Barcelona<\/span><\/li>\n<\/ul>\n<p><span style=\"font-size: medium;\"><span style=\"line-height: 24px;\"><b><span style=\"text-decoration: underline;\">\u00a0<\/span><\/b><\/span><\/span><\/p>\n","protected":false},"excerpt":{"rendered":"<p>Las reacciones fueron de incredulidad por parte de todo el mundo. Todos los medios, tanto especializados como generalistas se hicieron eco del accidente y sus circunstancias. A partir de aquel momento, pese a la gran calidad de los competidores, las &hellip; Sigue leyendo &rarr;<\/p>\n","protected":false},"author":1,"featured_media":0,"parent":0,"menu_order":0,"comment_status":"closed","ping_status":"closed","template":"","meta":{"footnotes":""},"class_list":["post-781","page","type-page","status-publish","hentry"],"_links":{"self":[{"href":"https:\/\/www.randymotorclubpalleja.com\/wordpress\/wp-json\/wp\/v2\/pages\/781","targetHints":{"allow":["GET"]}}],"collection":[{"href":"https:\/\/www.randymotorclubpalleja.com\/wordpress\/wp-json\/wp\/v2\/pages"}],"about":[{"href":"https:\/\/www.randymotorclubpalleja.com\/wordpress\/wp-json\/wp\/v2\/types\/page"}],"author":[{"embeddable":true,"href":"https:\/\/www.randymotorclubpalleja.com\/wordpress\/wp-json\/wp\/v2\/users\/1"}],"replies":[{"embeddable":true,"href":"https:\/\/www.randymotorclubpalleja.com\/wordpress\/wp-json\/wp\/v2\/comments?post=781"}],"version-history":[{"count":15,"href":"https:\/\/www.randymotorclubpalleja.com\/wordpress\/wp-json\/wp\/v2\/pages\/781\/revisions"}],"predecessor-version":[{"id":883,"href":"https:\/\/www.randymotorclubpalleja.com\/wordpress\/wp-json\/wp\/v2\/pages\/781\/revisions\/883"}],"wp:attachment":[{"href":"https:\/\/www.randymotorclubpalleja.com\/wordpress\/wp-json\/wp\/v2\/media?parent=781"}],"curies":[{"name":"wp","href":"https:\/\/api.w.org\/{rel}","templated":true}]}}