{"id":999,"date":"2013-11-24T09:46:32","date_gmt":"2013-11-24T09:46:32","guid":{"rendered":"http:\/\/www.randymotorclubpalleja.com\/wordpress\/?page_id=999"},"modified":"2013-11-24T18:44:13","modified_gmt":"2013-11-24T18:44:13","slug":"the-beginnings-of-fernando-munoz-1949-1968","status":"publish","type":"page","link":"https:\/\/www.randymotorclubpalleja.com\/wordpress\/the-beginnings-of-fernando-munoz-1949-1968\/","title":{"rendered":"The beginnings of Fernando Mu\u00f1oz (1949-1968)"},"content":{"rendered":"<p>Born December 17th, 1949 in Darrical (Almer\u00eda, southern Spain), moved to Pallej\u00e0 (15 km near of Barcelona) with his parents and younger brother Pepe when he was 4 and lived there forever.\u00a0From humble origins, he left school and started working very young like so many other teenagers of the 60s Spain. According to Ramon Costa, Costa&#8217;s motorcycle workshop and store was next to the restaurant Esteve in Molins de Rei, and the young Fernando worked there as waiter, but he loved motorcycles and was willing to race.\u00a0He began working as mechanic with Costa and at the end the working day they used to take the bikes and trial into the neighboring Collserola mountains. That&#8217;s when Fernando said \u00abThat you do, I want to learn to do it too.\u00bb\u00a0\u00abAnd two years later he was champion of Spain!\u00bb Costa recalls.\u00a0He had seen the boy with Andalusian accent of Pallej\u00e0 was able to climb anything with his Derbi 49 three gear, the first bike owned by Fernando, and Costa did not hesitate to recommend him to the national team trial Bultaco.<\/p>\n<p>Ram\u00f3n Costa was the discoverer of the immense talent of Domingo Gris, another important motocross spanish champion, and also Fernando Mu\u00f1oz, among others, and Don Paco Bult\u00f3, Bultaco&#8217;s general manager, was trusting his good eye to discover promising riders for Bultaco.<\/p>\n<p>Jos\u00e9 Luis Merlos explains at number 60 of the magazine Moto Verde, published in July 1983, the first Mu\u00f1oz&#8217;s contact with the racing world was the first edition of the Three Hours of Bassella, which began as a pretext for a barbecue among Bultaco crew, and later became a great reputation and even international racing event. There won the entire cast of Bultaco the racers Estanislao Soler and Ram\u00f3n Costa.\u00a0Joining them in the box, a young and shy boy with a white cap was the mechanic: it was Fernando.\u00a0The show encouraged Fernando a lot and there was no Sunday without his participation in a pirate trial, but what he really liked was the motocross.<\/p>\n<div style=\"width: 410px\" class=\"wp-caption alignnone\"><img loading=\"lazy\" decoding=\"async\" alt=\"\" src=\"https:\/\/lh5.googleusercontent.com\/-yG-1rdORtUQ\/UhzwbH4vUfI\/AAAAAAAAAho\/HU78VjmIBSw\/w400-h284-no\/1967-Costa_y_Randy.jpg\" width=\"400\" height=\"284\" \/><p class=\"wp-caption-text\">Randy and Costa<\/p><\/div>\n<div style=\"width: 410px\" class=\"wp-caption alignnone\"><img loading=\"lazy\" decoding=\"async\" alt=\"\" src=\"https:\/\/lh5.googleusercontent.com\/-mvw9oLhUQBQ\/Uhzwn1f97kI\/AAAAAAAAAhw\/J405wLFIg7A\/w400-h283-no\/1967-Gris_y_Randy.jpg\" width=\"400\" height=\"283\" \/><p class=\"wp-caption-text\">Randy and Domingo Gris<\/p><\/div>\n<p>Every year in Molins de Rei, Costa was organizing a trial for amateurs and in 1968 Fernando Munoz participated.\u00a0He attracted the attention of Don Paco Bult\u00f3, and invited him to participate in the trial of Sant Antoni, facing distributors, professional pilots and friends of the family Bult\u00f3.\u00a0Costa lent him one of the first Sherpa five gear, completely different from the Derbi who had been his best companion, so some adjustment problems blocked him from exceeding the eighth score.\u00a0In that trial, which was his first \u00ablegal\u00bb career has hired as professional racer for Bultaco. He worked all day at the factory and became his second home.<\/p>\n<div style=\"width: 410px\" class=\"wp-caption alignleft\"><a href=\"https:\/\/lh6.googleusercontent.com\/-bMvIOQJRCn8\/UemMcn_tx1I\/AAAAAAAAADE\/10IGS_a1R5A\/w512-h213-no\/30071967_dedicatoria_Antonio.jpg\"><img loading=\"lazy\" decoding=\"async\" class=\"   \" alt=\"\" src=\"https:\/\/lh5.googleusercontent.com\/-bMvIOQJRCn8\/UemMcn_tx1I\/AAAAAAAAAAc\/RlDaPCKsMi4\/w1278-h531-no\/30071967_dedicatoria_Antonio.jpg\" width=\"400\" height=\"166\" \/><\/a><p class=\"wp-caption-text\">1967-To my friend Antonio<\/p><\/div>\n<p>&nbsp;<\/p>\n<p>&nbsp;<\/p>\n<p>&nbsp;<\/p>\n<p>&nbsp;<\/p>\n<p>&nbsp;<\/p>\n<ul>\n<li><a title=\"The Legend of Fernando Mu\u00f1oz Carrasco, Randy\" href=\"http:\/\/www.randymotorclubpalleja.com\/wordpress\/?page_id=449\"><strong>Homepage<\/strong><\/a><\/li>\n<li>The beginnings of Fernando Mu\u00f1oz (1949-1968)<\/li>\n<li><a title=\"Trial and Enduro for Bultaco (1969-1973)\" href=\"http:\/\/www.randymotorclubpalleja.com\/wordpress\/?page_id=1004\"><strong>Trial and Enduro for Bultaco (1969-1973)<\/strong><\/a><\/li>\n<li><a title=\"Motocross for Ossa (1974-1975)\" href=\"http:\/\/www.randymotorclubpalleja.com\/wordpress\/?page_id=1016\"><strong>Motocross for Ossa (1974-1975)<\/strong><\/a><\/li>\n<li><a title=\"Motocross for Montesa (1975-1979)\" href=\"http:\/\/www.randymotorclubpalleja.com\/wordpress\/?page_id=1023\"><strong>Motocross for Montesa (1976-1979)<\/strong><\/a><\/li>\n<li><a title=\"Motocross for Gilera and Maico (1980)\" href=\"http:\/\/www.randymotorclubpalleja.com\/wordpress\/?page_id=1048\"><strong>Motocross for\u00a0Gilera and Maico (1980)<\/strong><\/a><\/li>\n<li><a title=\"Motocross for Gilera (1981)\" href=\"http:\/\/www.randymotorclubpalleja.com\/wordpress\/?page_id=1068\"><strong>Motocross for Gilera (1981)<\/strong><\/a><\/li>\n<li><strong><a title=\"Motocross for Beta, KTM and Yamaha (1982-1983)\" href=\"http:\/\/www.randymotorclubpalleja.com\/wordpress\/?page_id=1072\">Motocross\u00a0for\u00a0Beta, KTM and Yamaha \u00a0(1982-1983)<\/a><\/strong><\/li>\n<li><a title=\"Epilogue: The I Barcelona Indoor Motocross\" href=\"http:\/\/www.randymotorclubpalleja.com\/wordpress\/?page_id=1079\"><strong>Epilogue: The First Barcelona Indoor Supercross<\/strong><\/a><\/li>\n<\/ul>\n","protected":false},"excerpt":{"rendered":"<p>Born December 17th, 1949 in Darrical (Almer\u00eda, southern Spain), moved to Pallej\u00e0 (15 km near of Barcelona) with his parents and younger brother Pepe when he was 4 and lived there forever.\u00a0From humble origins, he left school and started working &hellip; Sigue leyendo &rarr;<\/p>\n","protected":false},"author":1,"featured_media":0,"parent":0,"menu_order":0,"comment_status":"closed","ping_status":"closed","template":"","meta":{"footnotes":""},"class_list":["post-999","page","type-page","status-publish","hentry"],"_links":{"self":[{"href":"https:\/\/www.randymotorclubpalleja.com\/wordpress\/wp-json\/wp\/v2\/pages\/999","targetHints":{"allow":["GET"]}}],"collection":[{"href":"https:\/\/www.randymotorclubpalleja.com\/wordpress\/wp-json\/wp\/v2\/pages"}],"about":[{"href":"https:\/\/www.randymotorclubpalleja.com\/wordpress\/wp-json\/wp\/v2\/types\/page"}],"author":[{"embeddable":true,"href":"https:\/\/www.randymotorclubpalleja.com\/wordpress\/wp-json\/wp\/v2\/users\/1"}],"replies":[{"embeddable":true,"href":"https:\/\/www.randymotorclubpalleja.com\/wordpress\/wp-json\/wp\/v2\/comments?post=999"}],"version-history":[{"count":3,"href":"https:\/\/www.randymotorclubpalleja.com\/wordpress\/wp-json\/wp\/v2\/pages\/999\/revisions"}],"predecessor-version":[{"id":1085,"href":"https:\/\/www.randymotorclubpalleja.com\/wordpress\/wp-json\/wp\/v2\/pages\/999\/revisions\/1085"}],"wp:attachment":[{"href":"https:\/\/www.randymotorclubpalleja.com\/wordpress\/wp-json\/wp\/v2\/media?parent=999"}],"curies":[{"name":"wp","href":"https:\/\/api.w.org\/{rel}","templated":true}]}}